{"id":1539,"date":"2018-12-03T02:19:25","date_gmt":"2018-12-02T23:19:25","guid":{"rendered":"https:\/\/unitechmuhendislik.com\/?page_id=1539"},"modified":"2021-12-07T18:01:43","modified_gmt":"2021-12-07T15:01:43","slug":"referanslarimiz","status":"publish","type":"page","link":"https:\/\/unitechmuhendislik.com\/?page_id=1539","title":{"rendered":"Referanslar\u0131m\u0131zdan Baz\u0131lar\u0131"},"content":{"rendered":"<p>[vc_row][vc_column]\r\n\t\t\t<div class=\"logo-group sm-margin-bottom-70 md-margin-bottom-70\" id=\"logo-group\">\r\n\t\t\t\t\t\t<div class=\"logo-group-item\">\r\n\t\t\t\t<span class=\"helper\"><\/span>\r\n\t\t\t\t\r\n\t\t\t\t<img src=\"https:\/\/unitechmuhendislik.com\/wp-content\/uploads\/2021\/11\/bebka.png\" alt=\"\">\r\n\t\t\t\t\r\n\t\t\t<\/div>\r\n\t\t\t\t\t\t<div class=\"logo-group-item\">\r\n\t\t\t\t<span class=\"helper\"><\/span>\r\n\t\t\t\t\r\n\t\t\t\t<img src=\"https:\/\/unitechmuhendislik.com\/wp-content\/uploads\/2021\/11\/ford.png\" alt=\"\">\r\n\t\t\t\t\r\n\t\t\t<\/div>\r\n\t\t\t\t\t\t<div class=\"logo-group-item\">\r\n\t\t\t\t<span class=\"helper\"><\/span>\r\n\t\t\t\t\r\n\t\t\t\t<img src=\"https:\/\/unitechmuhendislik.com\/wp-content\/uploads\/2021\/11\/gaziantep-buyuksehir.png\" alt=\"\">\r\n\t\t\t\t\r\n\t\t\t<\/div>\r\n\t\t\t\t\t\t<div class=\"logo-group-item\">\r\n\t\t\t\t<span class=\"helper\"><\/span>\r\n\t\t\t\t\r\n\t\t\t\t<img src=\"https:\/\/unitechmuhendislik.com\/wp-content\/uploads\/2021\/11\/magnet-maralli.png\" alt=\"\">\r\n\t\t\t\t\r\n\t\t\t<\/div>\r\n\t\t\t\t\t\t<div class=\"logo-group-item\">\r\n\t\t\t\t<span class=\"helper\"><\/span>\r\n\t\t\t\t\r\n\t\t\t\t<img src=\"https:\/\/unitechmuhendislik.com\/wp-content\/uploads\/2021\/11\/tupras.png\" alt=\"\">\r\n\t\t\t\t\r\n\t\t\t<\/div>\r\n\t\t\t\t\t\t<div class=\"logo-group-item\">\r\n\t\t\t\t<span class=\"helper\"><\/span>\r\n\t\t\t\t\r\n\t\t\t\t<img src=\"https:\/\/unitechmuhendislik.com\/wp-content\/uploads\/2021\/11\/gaizantep-universitesi.png\" alt=\"\">\r\n\t\t\t\t\r\n\t\t\t<\/div>\r\n\t\t\t\t\t\t<div class=\"logo-group-item\">\r\n\t\t\t\t<span class=\"helper\"><\/span>\r\n\t\t\t\t\r\n\t\t\t\t<img src=\"https:\/\/unitechmuhendislik.com\/wp-content\/uploads\/2021\/11\/marmarabirlik.png\" alt=\"\">\r\n\t\t\t\t\r\n\t\t\t<\/div>\r\n\t\t\t\t\t\t<div class=\"logo-group-item\">\r\n\t\t\t\t<span class=\"helper\"><\/span>\r\n\t\t\t\t\r\n\t\t\t\t<img src=\"https:\/\/unitechmuhendislik.com\/wp-content\/uploads\/2021\/11\/meditercan.png\" alt=\"\">\r\n\t\t\t\t\r\n\t\t\t<\/div>\r\n\t\t\t\t\t\t<div class=\"logo-group-item\">\r\n\t\t\t\t<span class=\"helper\"><\/span>\r\n\t\t\t\t\r\n\t\t\t\t<img src=\"https:\/\/unitechmuhendislik.com\/wp-content\/uploads\/2021\/11\/odtu-gelistirme-vakfi.png\" alt=\"\">\r\n\t\t\t\t\r\n\t\t\t<\/div>\r\n\t\t\t\t\t\t<div class=\"logo-group-item\">\r\n\t\t\t\t<span class=\"helper\"><\/span>\r\n\t\t\t\t\r\n\t\t\t\t<img src=\"https:\/\/unitechmuhendislik.com\/wp-content\/uploads\/2021\/11\/turgev.png\" alt=\"\">\r\n\t\t\t\t\r\n\t\t\t<\/div>\r\n\t\t\t\t\t\t<div class=\"logo-group-item\">\r\n\t\t\t\t<span class=\"helper\"><\/span>\r\n\t\t\t\t\r\n\t\t\t\t<img src=\"https:\/\/unitechmuhendislik.com\/wp-content\/uploads\/2021\/11\/cpf.png\" alt=\"\">\r\n\t\t\t\t\r\n\t\t\t<\/div>\r\n\t\t\t\t\t\t<div class=\"logo-group-item\">\r\n\t\t\t\t<span class=\"helper\"><\/span>\r\n\t\t\t\t\r\n\t\t\t\t<img src=\"https:\/\/unitechmuhendislik.com\/wp-content\/uploads\/2021\/11\/cp-yem.png\" alt=\"\">\r\n\t\t\t\t\r\n\t\t\t<\/div>\r\n\t\t\t\t\t\t<div class=\"logo-group-item\">\r\n\t\t\t\t<span class=\"helper\"><\/span>\r\n\t\t\t\t\r\n\t\t\t\t<img src=\"https:\/\/unitechmuhendislik.com\/wp-content\/uploads\/2021\/11\/izaydas.png\" alt=\"\">\r\n\t\t\t\t\r\n\t\t\t<\/div>\r\n\t\t\t\t\t\t<div class=\"logo-group-item\">\r\n\t\t\t\t<span class=\"helper\"><\/span>\r\n\t\t\t\t\r\n\t\t\t\t<img src=\"https:\/\/unitechmuhendislik.com\/wp-content\/uploads\/2021\/11\/oba.png\" alt=\"\">\r\n\t\t\t\t\r\n\t\t\t<\/div>\r\n\t\t\t\t\t\t<div class=\"logo-group-item\">\r\n\t\t\t\t<span class=\"helper\"><\/span>\r\n\t\t\t\t\r\n\t\t\t\t<img src=\"https:\/\/unitechmuhendislik.com\/wp-content\/uploads\/2021\/12\/nestle.png\" alt=\"\">\r\n\t\t\t\t\r\n\t\t\t<\/div>\r\n\t\t\t\t\t\t<div class=\"logo-group-item\">\r\n\t\t\t\t<span class=\"helper\"><\/span>\r\n\t\t\t\t\r\n\t\t\t\t<img src=\"https:\/\/unitechmuhendislik.com\/wp-content\/uploads\/2021\/11\/rupa-lift.png\" alt=\"\">\r\n\t\t\t\t\r\n\t\t\t<\/div>\r\n\t\t\t\t\t\t<div class=\"logo-group-item\">\r\n\t\t\t\t<span class=\"helper\"><\/span>\r\n\t\t\t\t\r\n\t\t\t\t<img src=\"https:\/\/unitechmuhendislik.com\/wp-content\/uploads\/2021\/11\/admiralty-arch.png\" alt=\"\">\r\n\t\t\t\t\r\n\t\t\t<\/div>\r\n\t\t\t\t\t\t<div class=\"logo-group-item\">\r\n\t\t\t\t<span class=\"helper\"><\/span>\r\n\t\t\t\t\r\n\t\t\t\t<img src=\"https:\/\/unitechmuhendislik.com\/wp-content\/uploads\/2021\/11\/ansa.png\" alt=\"\">\r\n\t\t\t\t\r\n\t\t\t<\/div>\r\n\t\t\t\t\t\t<div class=\"logo-group-item\">\r\n\t\t\t\t<span class=\"helper\"><\/span>\r\n\t\t\t\t\r\n\t\t\t\t<img src=\"https:\/\/unitechmuhendislik.com\/wp-content\/uploads\/2021\/11\/covtex.png\" alt=\"\">\r\n\t\t\t\t\r\n\t\t\t<\/div>\r\n\t\t\t\t\t\t<div class=\"logo-group-item\">\r\n\t\t\t\t<span class=\"helper\"><\/span>\r\n\t\t\t\t\r\n\t\t\t\t<img src=\"https:\/\/unitechmuhendislik.com\/wp-content\/uploads\/2021\/11\/kent-konut.png\" alt=\"\">\r\n\t\t\t\t\r\n\t\t\t<\/div>\r\n\t\t\t\t\t\t<div class=\"logo-group-item\">\r\n\t\t\t\t<span class=\"helper\"><\/span>\r\n\t\t\t\t\r\n\t\t\t\t<img src=\"https:\/\/unitechmuhendislik.com\/wp-content\/uploads\/2021\/11\/balikesir-buyuksehir.png\" alt=\"\">\r\n\t\t\t\t\r\n\t\t\t<\/div>\r\n\t\t\t\t\t\t<div class=\"logo-group-item\">\r\n\t\t\t\t<span class=\"helper\"><\/span>\r\n\t\t\t\t\r\n\t\t\t\t<img src=\"https:\/\/unitechmuhendislik.com\/wp-content\/uploads\/2021\/11\/burkay-group.png\" alt=\"\">\r\n\t\t\t\t\r\n\t\t\t<\/div>\r\n\t\t\t\t\t\t<div class=\"logo-group-item\">\r\n\t\t\t\t<span class=\"helper\"><\/span>\r\n\t\t\t\t\r\n\t\t\t\t<img src=\"https:\/\/unitechmuhendislik.com\/wp-content\/uploads\/2021\/12\/ergunler-holding.png\" alt=\"\">\r\n\t\t\t\t\r\n\t\t\t<\/div>\r\n\t\t\t\t\t\t<div class=\"logo-group-item\">\r\n\t\t\t\t<span class=\"helper\"><\/span>\r\n\t\t\t\t\r\n\t\t\t\t<img src=\"https:\/\/unitechmuhendislik.com\/wp-content\/uploads\/2021\/11\/ergunkent.png\" alt=\"\">\r\n\t\t\t\t\r\n\t\t\t<\/div>\r\n\t\t\t\t\t<\/div>\r\n\t\t<script>\r\n\t\t\t(function($) {\r\n\t\t\t\t\"use strict\";\r\n\r\n\t\t\t\t\/\/\r\n\t\t\t\t\/\/ Preload images\r\n\t\t\t\t\/\/\r\n\r\n\t\t\t\t$('document').ready(function() {\r\n\r\n\t\t\t\t\tvar $container = $('body'),\r\n\t\t\t\t\t\ttweetsTimer;\r\n\r\n\t\t\t\t\t$container.imagesLoaded( function() {\r\n\r\n\t\t\t\t\t\t\r\n\t\t\t\t\t\t$('#logo-group').rivaLogoGroup({\r\n\t\t\t\t\t\t\tselector:'logo-group-item',\r\n\t\t\t\t\t\t\tpadding:40,\r\n\t\t\t\t\t\t\trow:4\t\t\t\t\t\t});\r\n\r\n\t\t\t\t\t\t\r\n\t\t\t\t\t});\r\n\r\n\t\t\t\t\tclearTimeout(tweetsTimer);\r\n\r\n\t\t\t\t});\r\n\r\n\t\t\t})(jQuery);\r\n\t\t<\/script>\r\n\t\r\n[\/vc_column][\/vc_row]<\/p>\n","protected":false},"excerpt":{"rendered":"<p>[vc_row][vc_column][\/vc_column][\/vc_row]<\/p>\n","protected":false},"author":4852,"featured_media":0,"parent":0,"menu_order":0,"comment_status":"closed","ping_status":"closed","template":"page-templates\/template-fullwidth.php","meta":[],"_links":{"self":[{"href":"https:\/\/unitechmuhendislik.com\/index.php?rest_route=\/wp\/v2\/pages\/1539"}],"collection":[{"href":"https:\/\/unitechmuhendislik.com\/index.php?rest_route=\/wp\/v2\/pages"}],"about":[{"href":"https:\/\/unitechmuhendislik.com\/index.php?rest_route=\/wp\/v2\/types\/page"}],"author":[{"embeddable":true,"href":"https:\/\/unitechmuhendislik.com\/index.php?rest_route=\/wp\/v2\/users\/4852"}],"replies":[{"embeddable":true,"href":"https:\/\/unitechmuhendislik.com\/index.php?rest_route=%2Fwp%2Fv2%2Fcomments&post=1539"}],"version-history":[{"count":21,"href":"https:\/\/unitechmuhendislik.com\/index.php?rest_route=\/wp\/v2\/pages\/1539\/revisions"}],"predecessor-version":[{"id":2067,"href":"https:\/\/unitechmuhendislik.com\/index.php?rest_route=\/wp\/v2\/pages\/1539\/revisions\/2067"}],"wp:attachment":[{"href":"https:\/\/unitechmuhendislik.com\/index.php?rest_route=%2Fwp%2Fv2%2Fmedia&parent=1539"}],"curies":[{"name":"wp","href":"https:\/\/api.w.org\/{rel}","templated":true}]}}