{"id":1704,"date":"2018-12-05T13:03:08","date_gmt":"2018-12-05T10:03:08","guid":{"rendered":"https:\/\/unitechmuhendislik.com\/?page_id=1704"},"modified":"2019-12-18T04:29:14","modified_gmt":"2019-12-18T01:29:14","slug":"is-guvenligi-uzmanligi-hizmeti","status":"publish","type":"page","link":"https:\/\/unitechmuhendislik.com\/?page_id=1704","title":{"rendered":"Is\u0131tma Tesisatlar\u0131"},"content":{"rendered":"<p>[vc_row][vc_column][vc_column_text css=&#8221;.vc_custom_1576631796114{margin-top: -50px !important;margin-bottom: -50px !important;}&#8221;]<\/p>\n<div class=\"wpb_text_column \">\n<div class=\"wpb_wrapper\">\n<div class=\"wpb_text_column wpb_content_element \">\n<div class=\"wpb_wrapper\">\n<div class=\"wpb_text_column wpb_content_element \">\n<div class=\"wpb_wrapper\">\n<p><strong>\u2022 Bireysel Is\u0131tma Tesisat\u0131<br \/>\n\u2022 Merkezi Is\u0131tma Tesisat\u0131<br \/>\n\u2022 B\u00f6lgesel Is\u0131tma Tesisat\u0131<br \/>\n\u2022 Proses Is\u0131tma Tesisat\u0131<br \/>\n\u2022 Havuz Is\u0131tma Tesisat\u0131<br \/>\n\u2022 Yerden Is\u0131tma Tesisat\u0131<br \/>\n\u2022 Is\u0131 Pompas\u0131 Uygulamalar\u0131<br \/>\n\u2022 Borularda Donmaya Kar\u015f\u0131 Koruma Sistemleri<br \/>\n\u2022 Kar ve Buz Birikimini Engelleme Sistemleri<\/strong><\/p>\n<\/div>\n<\/div>\n<\/div>\n<\/div>\n<\/div>\n<\/div>\n<p>[\/vc_column_text][\/vc_column][\/vc_row][vc_row height=&#8221;auto&#8221; css=&#8221;.vc_custom_1544005367310{margin-top: -20px !important;}&#8221;][vc_column][\/vc_column][\/vc_row]<\/p>\n","protected":false},"excerpt":{"rendered":"<p>[vc_row][vc_column][vc_column_text css=&#8221;.vc_custom_1576631796114{margin-top: -50px !important;margin-bottom: -50px !important;}&#8221;] \u2022 Bireysel Is\u0131tma Tesisat\u0131 \u2022 Merkezi Is\u0131tma Tesisat\u0131 \u2022 B\u00f6lgesel Is\u0131tma Tesisat\u0131 \u2022 Proses Is\u0131tma Tesisat\u0131 \u2022 Havuz Is\u0131tma Tesisat\u0131 \u2022 Yerden Is\u0131tma Tesisat\u0131 \u2022 Is\u0131 Pompas\u0131 Uygulamalar\u0131 \u2022 Borularda Donmaya Kar\u015f\u0131 Koruma Sistemleri \u2022 Kar ve Buz Birikimini Engelleme Sistemleri [\/vc_column_text][\/vc_column][\/vc_row][vc_row height=&#8221;auto&#8221; css=&#8221;.vc_custom_1544005367310{margin-top: -20px !important;}&#8221;][vc_column][\/vc_column][\/vc_row]<\/p>\n","protected":false},"author":4852,"featured_media":0,"parent":0,"menu_order":0,"comment_status":"closed","ping_status":"closed","template":"page-templates\/template-fullwidth.php","meta":[],"_links":{"self":[{"href":"https:\/\/unitechmuhendislik.com\/index.php?rest_route=\/wp\/v2\/pages\/1704"}],"collection":[{"href":"https:\/\/unitechmuhendislik.com\/index.php?rest_route=\/wp\/v2\/pages"}],"about":[{"href":"https:\/\/unitechmuhendislik.com\/index.php?rest_route=\/wp\/v2\/types\/page"}],"author":[{"embeddable":true,"href":"https:\/\/unitechmuhendislik.com\/index.php?rest_route=\/wp\/v2\/users\/4852"}],"replies":[{"embeddable":true,"href":"https:\/\/unitechmuhendislik.com\/index.php?rest_route=%2Fwp%2Fv2%2Fcomments&post=1704"}],"version-history":[{"count":19,"href":"https:\/\/unitechmuhendislik.com\/index.php?rest_route=\/wp\/v2\/pages\/1704\/revisions"}],"predecessor-version":[{"id":1908,"href":"https:\/\/unitechmuhendislik.com\/index.php?rest_route=\/wp\/v2\/pages\/1704\/revisions\/1908"}],"wp:attachment":[{"href":"https:\/\/unitechmuhendislik.com\/index.php?rest_route=%2Fwp%2Fv2%2Fmedia&parent=1704"}],"curies":[{"name":"wp","href":"https:\/\/api.w.org\/{rel}","templated":true}]}}