{"id":1744,"date":"2018-12-05T14:28:20","date_gmt":"2018-12-05T11:28:20","guid":{"rendered":"https:\/\/unitechmuhendislik.com\/?page_id=1744"},"modified":"2019-12-24T22:25:01","modified_gmt":"2019-12-24T19:25:01","slug":"risk-degerlendirme-analizi","status":"publish","type":"page","link":"https:\/\/unitechmuhendislik.com\/?page_id=1744","title":{"rendered":"Do\u011falgaz Tesisatlar\u0131"},"content":{"rendered":"<p>[vc_row][vc_column][vc_column_text css=&#8221;.vc_custom_1576632118903{margin-top: -50px !important;margin-bottom: -50px !important;}&#8221;]<\/p>\n<div class=\"wpb_text_column \">\n<div class=\"wpb_wrapper\">\n<div class=\"wpb_text_column wpb_content_element \">\n<div class=\"wpb_wrapper\">\n<div class=\"wpb_text_column wpb_content_element \">\n<div class=\"wpb_wrapper\">\n<div class=\"wpb_text_column \">\n<div class=\"wpb_wrapper\">\n<div class=\"wpb_text_column wpb_content_element \">\n<div class=\"wpb_wrapper\">\n<p><strong>Gaz a\u00e7\u0131lmalar\u0131na engel olarak g\u00f6r\u00fclen sebepler:<\/strong><\/p>\n<ul>\n<li>Ocaklar\u0131n bulundu\u011fu mekanda havaland\u0131rma menfezlerinin bulunmamas\u0131<\/li>\n<li>Cihazlar\u0131n kurulumunun hatal\u0131 yap\u0131lmas\u0131<\/li>\n<li>Baca \u00e7\u0131k\u0131\u015f\u0131n\u0131n hava alan\u0131na bakmamas\u0131<\/li>\n<li>Ocak vanalar\u0131n\u0131n ate\u015fe yak\u0131n bulunmas\u0131<\/li>\n<li>Yak\u0131c\u0131 cihazlar\u0131n vanas\u0131na ula\u015f\u0131lmaz olmas\u0131<\/li>\n<li>Projelerde bulunan hatalar\u0131n olmas\u0131<\/li>\n<\/ul>\n<\/div>\n<\/div>\n<\/div>\n<\/div>\n<\/div>\n<\/div>\n<\/div>\n<\/div>\n<\/div>\n<\/div>\n<p>[\/vc_column_text][\/vc_column][\/vc_row]<\/p>\n","protected":false},"excerpt":{"rendered":"<p>[vc_row][vc_column][vc_column_text css=&#8221;.vc_custom_1576632118903{margin-top: -50px !important;margin-bottom: -50px !important;}&#8221;] Gaz a\u00e7\u0131lmalar\u0131na engel olarak g\u00f6r\u00fclen sebepler: Ocaklar\u0131n bulundu\u011fu mekanda havaland\u0131rma menfezlerinin bulunmamas\u0131 Cihazlar\u0131n kurulumunun hatal\u0131 yap\u0131lmas\u0131 Baca \u00e7\u0131k\u0131\u015f\u0131n\u0131n hava alan\u0131na bakmamas\u0131 Ocak vanalar\u0131n\u0131n ate\u015fe yak\u0131n bulunmas\u0131 Yak\u0131c\u0131 cihazlar\u0131n vanas\u0131na ula\u015f\u0131lmaz olmas\u0131 Projelerde bulunan hatalar\u0131n olmas\u0131 [\/vc_column_text][\/vc_column][\/vc_row]<\/p>\n","protected":false},"author":4852,"featured_media":0,"parent":0,"menu_order":0,"comment_status":"closed","ping_status":"closed","template":"page-templates\/template-fullwidth.php","meta":[],"_links":{"self":[{"href":"https:\/\/unitechmuhendislik.com\/index.php?rest_route=\/wp\/v2\/pages\/1744"}],"collection":[{"href":"https:\/\/unitechmuhendislik.com\/index.php?rest_route=\/wp\/v2\/pages"}],"about":[{"href":"https:\/\/unitechmuhendislik.com\/index.php?rest_route=\/wp\/v2\/types\/page"}],"author":[{"embeddable":true,"href":"https:\/\/unitechmuhendislik.com\/index.php?rest_route=\/wp\/v2\/users\/4852"}],"replies":[{"embeddable":true,"href":"https:\/\/unitechmuhendislik.com\/index.php?rest_route=%2Fwp%2Fv2%2Fcomments&post=1744"}],"version-history":[{"count":6,"href":"https:\/\/unitechmuhendislik.com\/index.php?rest_route=\/wp\/v2\/pages\/1744\/revisions"}],"predecessor-version":[{"id":1882,"href":"https:\/\/unitechmuhendislik.com\/index.php?rest_route=\/wp\/v2\/pages\/1744\/revisions\/1882"}],"wp:attachment":[{"href":"https:\/\/unitechmuhendislik.com\/index.php?rest_route=%2Fwp%2Fv2%2Fmedia&parent=1744"}],"curies":[{"name":"wp","href":"https:\/\/api.w.org\/{rel}","templated":true}]}}