{"id":1749,"date":"2018-12-05T14:34:26","date_gmt":"2018-12-05T11:34:26","guid":{"rendered":"https:\/\/unitechmuhendislik.com\/?page_id=1749"},"modified":"2019-12-18T04:29:41","modified_gmt":"2019-12-18T01:29:41","slug":"acil-durum-eylem-plani","status":"publish","type":"page","link":"https:\/\/unitechmuhendislik.com\/?page_id=1749","title":{"rendered":"Yang\u0131n Tesisatlar\u0131"},"content":{"rendered":"<p>[vc_row][vc_column][vc_column_text css=&#8221;.vc_custom_1576631613503{margin-top: -50px !important;margin-bottom: -50px !important;}&#8221;]<\/p>\n<div class=\"wpb_text_column \">\n<div class=\"wpb_wrapper\">\n<div class=\"wpb_text_column wpb_content_element \">\n<div class=\"wpb_wrapper\">\n<div class=\"wpb_text_column wpb_content_element \">\n<div class=\"wpb_wrapper\">\n<div class=\"wpb_text_column \">\n<div class=\"wpb_wrapper\">\n<div class=\"wpb_text_column wpb_content_element \">\n<div class=\"wpb_wrapper\">\n<p>\u25a0 Yang\u0131n Dolaplar\u0131 Sistemi<br \/>\n\u25a0 Hidrant Sistemleri<br \/>\n\u25a0 Sprinkler Sistemleri<br \/>\n\u25a0 K\u00f6p\u00fckl\u00fc S\u00f6nd\u00fcrme Sistemleri<br \/>\n\u25a0 Davlumbaz S\u00f6nd\u00fcrme Sistemleri<br \/>\n\u25a0 Gazl\u0131 S\u00f6nd\u00fcrme Sistemleri<br \/>\n\u25a0 FM200 Gazl\u0131 S\u00f6nd\u00fcrme Sistemleri<br \/>\n\u25a0 NOVEC1230 Gazl\u0131 S\u00f6nd\u00fcrme Sistemleri<br \/>\n\u25a0 CO\u00b2 Gazl\u0131 S\u00f6nd\u00fcrme Sistemleri<br \/>\n\u25a0 Argon ( Inergen ) Gazl\u0131 S\u00f6nd\u00fcrme Sistemleri<\/p>\n<\/div>\n<\/div>\n<\/div>\n<\/div>\n<\/div>\n<\/div>\n<\/div>\n<\/div>\n<\/div>\n<\/div>\n<p>[\/vc_column_text][\/vc_column][\/vc_row][vc_row css=&#8221;.vc_custom_1544006553918{margin-top: -20px !important;}&#8221;][vc_column][vc_column_text][\/vc_column_text][\/vc_column][\/vc_row]<\/p>\n","protected":false},"excerpt":{"rendered":"<p>[vc_row][vc_column][vc_column_text css=&#8221;.vc_custom_1576631613503{margin-top: -50px !important;margin-bottom: -50px !important;}&#8221;] \u25a0 Yang\u0131n Dolaplar\u0131 Sistemi \u25a0 Hidrant Sistemleri \u25a0 Sprinkler Sistemleri \u25a0 K\u00f6p\u00fckl\u00fc S\u00f6nd\u00fcrme Sistemleri \u25a0 Davlumbaz S\u00f6nd\u00fcrme Sistemleri \u25a0 Gazl\u0131 S\u00f6nd\u00fcrme Sistemleri \u25a0 FM200 Gazl\u0131 S\u00f6nd\u00fcrme Sistemleri \u25a0 NOVEC1230 Gazl\u0131 S\u00f6nd\u00fcrme Sistemleri \u25a0 CO\u00b2 Gazl\u0131 S\u00f6nd\u00fcrme Sistemleri \u25a0 Argon ( Inergen ) Gazl\u0131 S\u00f6nd\u00fcrme Sistemleri [\/vc_column_text][\/vc_column][\/vc_row][vc_row css=&#8221;.vc_custom_1544006553918{margin-top: -20px !important;}&#8221;][vc_column][vc_column_text][\/vc_column_text][\/vc_column][\/vc_row]<\/p>\n","protected":false},"author":4852,"featured_media":0,"parent":0,"menu_order":0,"comment_status":"closed","ping_status":"closed","template":"page-templates\/template-fullwidth.php","meta":[],"_links":{"self":[{"href":"https:\/\/unitechmuhendislik.com\/index.php?rest_route=\/wp\/v2\/pages\/1749"}],"collection":[{"href":"https:\/\/unitechmuhendislik.com\/index.php?rest_route=\/wp\/v2\/pages"}],"about":[{"href":"https:\/\/unitechmuhendislik.com\/index.php?rest_route=\/wp\/v2\/types\/page"}],"author":[{"embeddable":true,"href":"https:\/\/unitechmuhendislik.com\/index.php?rest_route=\/wp\/v2\/users\/4852"}],"replies":[{"embeddable":true,"href":"https:\/\/unitechmuhendislik.com\/index.php?rest_route=%2Fwp%2Fv2%2Fcomments&post=1749"}],"version-history":[{"count":5,"href":"https:\/\/unitechmuhendislik.com\/index.php?rest_route=\/wp\/v2\/pages\/1749\/revisions"}],"predecessor-version":[{"id":1911,"href":"https:\/\/unitechmuhendislik.com\/index.php?rest_route=\/wp\/v2\/pages\/1749\/revisions\/1911"}],"wp:attachment":[{"href":"https:\/\/unitechmuhendislik.com\/index.php?rest_route=%2Fwp%2Fv2%2Fmedia&parent=1749"}],"curies":[{"name":"wp","href":"https:\/\/api.w.org\/{rel}","templated":true}]}}