{"id":1771,"date":"2018-12-05T15:10:30","date_gmt":"2018-12-05T12:10:30","guid":{"rendered":"https:\/\/unitechmuhendislik.com\/?page_id=1771"},"modified":"2019-12-24T22:25:39","modified_gmt":"2019-12-24T19:25:39","slug":"mesleki-egitim-hizmetleri","status":"publish","type":"page","link":"https:\/\/unitechmuhendislik.com\/?page_id=1771","title":{"rendered":"S\u0131hhi Tesisat"},"content":{"rendered":"<p>[vc_row][vc_column][vc_column_text css=&#8221;.vc_custom_1576631958364{margin-top: -50px !important;margin-bottom: -50px !important;}&#8221;]Bina Temiz Su,Pis Su ve Ya\u011fmurlama Tesisatlar\u0131 :<br \/>\nSu Yumu\u015fatma ve Filtrasyon Sistemleri :<br \/>\nUV Dezenfeksiyonu ve Klorlama Sistemleri :[\/vc_column_text][\/vc_column][\/vc_row]<\/p>\n","protected":false},"excerpt":{"rendered":"<p>[vc_row][vc_column][vc_column_text css=&#8221;.vc_custom_1576631958364{margin-top: -50px !important;margin-bottom: -50px !important;}&#8221;]Bina Temiz Su,Pis Su ve Ya\u011fmurlama Tesisatlar\u0131 : Su Yumu\u015fatma ve Filtrasyon Sistemleri : UV Dezenfeksiyonu ve Klorlama Sistemleri :[\/vc_column_text][\/vc_column][\/vc_row]<\/p>\n","protected":false},"author":4852,"featured_media":0,"parent":0,"menu_order":0,"comment_status":"closed","ping_status":"closed","template":"page-templates\/template-fullwidth.php","meta":[],"_links":{"self":[{"href":"https:\/\/unitechmuhendislik.com\/index.php?rest_route=\/wp\/v2\/pages\/1771"}],"collection":[{"href":"https:\/\/unitechmuhendislik.com\/index.php?rest_route=\/wp\/v2\/pages"}],"about":[{"href":"https:\/\/unitechmuhendislik.com\/index.php?rest_route=\/wp\/v2\/types\/page"}],"author":[{"embeddable":true,"href":"https:\/\/unitechmuhendislik.com\/index.php?rest_route=\/wp\/v2\/users\/4852"}],"replies":[{"embeddable":true,"href":"https:\/\/unitechmuhendislik.com\/index.php?rest_route=%2Fwp%2Fv2%2Fcomments&post=1771"}],"version-history":[{"count":4,"href":"https:\/\/unitechmuhendislik.com\/index.php?rest_route=\/wp\/v2\/pages\/1771\/revisions"}],"predecessor-version":[{"id":1909,"href":"https:\/\/unitechmuhendislik.com\/index.php?rest_route=\/wp\/v2\/pages\/1771\/revisions\/1909"}],"wp:attachment":[{"href":"https:\/\/unitechmuhendislik.com\/index.php?rest_route=%2Fwp%2Fv2%2Fmedia&parent=1771"}],"curies":[{"name":"wp","href":"https:\/\/api.w.org\/{rel}","templated":true}]}}