{"id":1774,"date":"2018-12-05T15:14:29","date_gmt":"2018-12-05T12:14:29","guid":{"rendered":"https:\/\/unitechmuhendislik.com\/?page_id=1774"},"modified":"2019-12-18T04:28:58","modified_gmt":"2019-12-18T01:28:58","slug":"isg-egitim","status":"publish","type":"page","link":"https:\/\/unitechmuhendislik.com\/?page_id=1774","title":{"rendered":"Havaland\u0131rma Tesisatlar\u0131"},"content":{"rendered":"<p>[vc_row][vc_column][vc_column_text css=&#8221;.vc_custom_1576631900719{margin-top: -50px !important;margin-bottom: -50px !important;}&#8221;]Galvaniz kanal uygulamalar\u0131, paslanmaz kanal uygulamalar\u0131, \u00f6n izolasyonlu al\u00fcminyum kanal uygulamalar\u0131, tekstil bazl\u0131 kanal uygulamalar\u0131.[\/vc_column_text][\/vc_column][\/vc_row]<\/p>\n","protected":false},"excerpt":{"rendered":"<p>[vc_row][vc_column][vc_column_text css=&#8221;.vc_custom_1576631900719{margin-top: -50px !important;margin-bottom: -50px !important;}&#8221;]Galvaniz kanal uygulamalar\u0131, paslanmaz kanal uygulamalar\u0131, \u00f6n izolasyonlu al\u00fcminyum kanal uygulamalar\u0131, tekstil bazl\u0131 kanal uygulamalar\u0131.[\/vc_column_text][\/vc_column][\/vc_row]<\/p>\n","protected":false},"author":4852,"featured_media":0,"parent":0,"menu_order":0,"comment_status":"closed","ping_status":"closed","template":"page-templates\/template-fullwidth.php","meta":[],"_links":{"self":[{"href":"https:\/\/unitechmuhendislik.com\/index.php?rest_route=\/wp\/v2\/pages\/1774"}],"collection":[{"href":"https:\/\/unitechmuhendislik.com\/index.php?rest_route=\/wp\/v2\/pages"}],"about":[{"href":"https:\/\/unitechmuhendislik.com\/index.php?rest_route=\/wp\/v2\/types\/page"}],"author":[{"embeddable":true,"href":"https:\/\/unitechmuhendislik.com\/index.php?rest_route=\/wp\/v2\/users\/4852"}],"replies":[{"embeddable":true,"href":"https:\/\/unitechmuhendislik.com\/index.php?rest_route=%2Fwp%2Fv2%2Fcomments&post=1774"}],"version-history":[{"count":4,"href":"https:\/\/unitechmuhendislik.com\/index.php?rest_route=\/wp\/v2\/pages\/1774\/revisions"}],"predecessor-version":[{"id":1907,"href":"https:\/\/unitechmuhendislik.com\/index.php?rest_route=\/wp\/v2\/pages\/1774\/revisions\/1907"}],"wp:attachment":[{"href":"https:\/\/unitechmuhendislik.com\/index.php?rest_route=%2Fwp%2Fv2%2Fmedia&parent=1774"}],"curies":[{"name":"wp","href":"https:\/\/api.w.org\/{rel}","templated":true}]}}