{"id":279,"date":"2015-05-28T02:05:35","date_gmt":"2015-05-27T23:05:35","guid":{"rendered":"http:\/\/demo.vegatheme.com\/biss\/?page_id=279"},"modified":"2021-12-07T18:15:32","modified_gmt":"2021-12-07T15:15:32","slug":"iletisim","status":"publish","type":"page","link":"https:\/\/unitechmuhendislik.com\/?page_id=279","title":{"rendered":"\u0130leti\u015fim"},"content":{"rendered":"<p>[vc_row][vc_column]<p class=\"section-subtitle\" style=\"font-size: 18px;text-align: left;\">TANI\u015eMAK \u0130\u00c7\u0130N SABIRSIZLANIYORUZ<\/p><h2 class=\"section-title\" style=\"font-size: 32px;text-align: left;\">ELEKTROMEKAN\u0130K H\u0130ZMETLER\u0130 HUSUSUNDA \u00c7\u00d6Z\u00dcM ORTA\u011eINIZ OLMAKTAN GURUR DUYARIZ<\/h2>[\/vc_column][\/vc_row][vc_row ses_title=&#8221;&#8221; align_title=&#8221;left&#8221; wrap_class=&#8221;&#8221; css=&#8221;.vc_custom_1576633890947{margin-top: -60px !important;}&#8221;][vc_column width=&#8221;2\/3&#8243; title=&#8221;&#8221;][vc_column_text]\n<div class=\"wpcf7 no-js\" id=\"wpcf7-f276-o1\" lang=\"en-US\" dir=\"ltr\">\n<div class=\"screen-reader-response\"><p role=\"status\" aria-live=\"polite\" aria-atomic=\"true\"><\/p> <ul><\/ul><\/div>\n<form action=\"\/index.php?rest_route=%2Fwp%2Fv2%2Fpages%2F279#wpcf7-f276-o1\" method=\"post\" class=\"wpcf7-form init\" aria-label=\"Contact form\" novalidate=\"novalidate\" data-status=\"init\">\n<div style=\"display: none;\">\n<input type=\"hidden\" name=\"_wpcf7\" value=\"276\" \/>\n<input type=\"hidden\" name=\"_wpcf7_version\" value=\"5.7.6\" \/>\n<input type=\"hidden\" name=\"_wpcf7_locale\" value=\"en_US\" \/>\n<input type=\"hidden\" name=\"_wpcf7_unit_tag\" value=\"wpcf7-f276-o1\" \/>\n<input type=\"hidden\" name=\"_wpcf7_container_post\" value=\"0\" \/>\n<input type=\"hidden\" name=\"_wpcf7_posted_data_hash\" value=\"\" \/>\n<\/div>\n<div class=\"comment-form margin-top-0\">\n\t<div class=\"form-elem form-elem-full\">\n\t\t<p><label for=\"name\">Size Nas\u0131l Yard\u0131mc\u0131 Olabiliriz<\/label><label class=\"standard\"><span class=\"wpcf7-form-control-wrap\" data-name=\"message-type\"><span class=\"wpcf7-form-control wpcf7-radio\"><span class=\"wpcf7-list-item first\"><input type=\"radio\" name=\"message-type\" value=\"- Araman\u0131z\u0131 \u0130stiyorum\" \/><span class=\"wpcf7-list-item-label\">- Araman\u0131z\u0131 \u0130stiyorum<\/span><\/span><span class=\"wpcf7-list-item last\"><input type=\"radio\" name=\"message-type\" value=\"- Hizmet Almak \u0130stiyorum\" \/><span class=\"wpcf7-list-item-label\">- Hizmet Almak \u0130stiyorum<\/span><\/span><\/span><\/span><\/label>\n\t\t<\/p>\n\t<\/div>\n\t<div class=\"form-elem form-elem-full\">\n\t\t<p><label for=\"name\">Ad\u0131n\u0131z (zorunlu)<\/label><span class=\"wpcf7-form-control-wrap\" data-name=\"your-name\"><input size=\"40\" class=\"wpcf7-form-control wpcf7-text wpcf7-validates-as-required\" aria-required=\"true\" aria-invalid=\"false\" placeholder=\"isim soyisim...\" value=\"\" type=\"text\" name=\"your-name\" \/><\/span>\n\t\t<\/p>\n\t<\/div>\n\t<div class=\"form-elem form-elem-full\">\n\t\t<p><label for=\"email\">Mail Adresiniz (zorunlu)<\/label><span class=\"wpcf7-form-control-wrap\" data-name=\"your-email\"><input size=\"40\" class=\"wpcf7-form-control wpcf7-text wpcf7-email wpcf7-validates-as-required wpcf7-validates-as-email\" aria-required=\"true\" aria-invalid=\"false\" placeholder=\"e-postan\u0131z...\" value=\"\" type=\"email\" name=\"your-email\" \/><\/span>\n\t\t<\/p>\n\t<\/div>\n\t<div class=\"form-elem form-elem-full\">\n\t\t<p><label for=\"company\">Firma \u0130sminiz<\/label><span class=\"wpcf7-form-control-wrap\" data-name=\"your-company\"><input size=\"40\" class=\"wpcf7-form-control wpcf7-text\" aria-invalid=\"false\" placeholder=\"firma isminiz...\" value=\"\" type=\"text\" name=\"your-company\" \/><\/span>\n\t\t<\/p>\n\t<\/div>\n\t<div class=\"form-elem form-elem-full\">\n\t\t<p><label for=\"phone\">Telefon Numaran\u0131z<\/label><span class=\"wpcf7-form-control-wrap\" data-name=\"your-phonenumber\"><input size=\"40\" class=\"wpcf7-form-control wpcf7-text wpcf7-tel wpcf7-validates-as-tel\" aria-invalid=\"false\" placeholder=\"telefon numaran\u0131z...\" value=\"\" type=\"tel\" name=\"your-phonenumber\" \/><\/span>\n\t\t<\/p>\n\t<\/div>\n\t<div class=\"form-elem form-elem-full\">\n\t\t<p><label for=\"message\">Mesaj\u0131n\u0131z (zorunlu)<\/label><span class=\"wpcf7-form-control-wrap\" data-name=\"your-message\"><textarea cols=\"40\" rows=\"10\" class=\"wpcf7-form-control wpcf7-textarea wpcf7-validates-as-required\" aria-required=\"true\" aria-invalid=\"false\" placeholder=\"size nas\u0131l yard\u0131mc\u0131 olabiliriz?\" name=\"your-message\"><\/textarea><\/span>\n\t\t<\/p>\n\t<\/div>\n\t<div class=\"form-elem form-elem-full\">\n\t\t<p><input class=\"wpcf7-form-control has-spinner wpcf7-submit biss-btn biss-btn-primary\" id=\"sendMessageBtn\" type=\"submit\" value=\"Mesaj\u0131 Yolla\" \/>\n\t\t<\/p>\n\t<\/div>\n<\/div><div class=\"wpcf7-response-output\" aria-hidden=\"true\"><\/div>\n<\/form>\n<\/div>\n[\/vc_column_text][\/vc_column][vc_column width=&#8221;1\/3&#8243; title=&#8221;&#8221;]<h3 class=\"widget-title\" style=\"font-size: 18px;text-align: left;\">\u0130LET\u0130\u015e\u0130M<\/h3>[vc_column_text el_class=&#8221;margin-top-0&#8243; css=&#8221;.vc_custom_1576633116981{margin-top: 0px !important;margin-bottom: 0px !important;}&#8221;]<strong>Bursa \u015eube:<\/strong>[\/vc_column_text][vc_column_text css=&#8221;.vc_custom_1638886715302{margin-top: 0px !important;margin-bottom: 0px !important;}&#8221;]\u00dc\u00e7evler Mh. \u0130zmir yolu Cd. No:241D K:12 \u0130\u00e7 Kap\u0131 No:293 Nil\u00fcfer\/Bursa[\/vc_column_text][vc_column_text css=&#8221;.vc_custom_1576633166213{margin-top: 0px !important;margin-bottom: 0px !important;}&#8221;]<i class=\"fa fa-phone primary-color\"><\/i>\u00a0 0(224) 236 7 236[\/vc_column_text][vc_column_text css=&#8221;.vc_custom_1576633171218{margin-top: 0px !important;margin-bottom: 0px !important;}&#8221;]<i class=\"fa fa-fax primary-color\"><\/i>\u00a0 0(224) 236 7 236[\/vc_column_text][vc_column_text css=&#8221;.vc_custom_1576633493807{margin-top: 0px !important;margin-bottom: 0px !important;}&#8221;]<i class=\"fa fa-envelope primary-color\"><\/i> <a href=\"mailto:info@unitechmuhendislik.com\">info@unitechmuhendislik.com<\/a>[\/vc_column_text][vc_column_text el_class=&#8221;margin-top-0&#8243; css=&#8221;.vc_custom_1576633300907{margin-top: 0px !important;margin-bottom: 0px !important;}&#8221;]<strong>Gaziantep \u015eube:<\/strong>[\/vc_column_text][vc_column_text css=&#8221;.vc_custom_1576633320023{margin-top: 0px !important;margin-bottom: 0px !important;}&#8221;]M\u00fccahitler Mah.52054 No&#8217;lu \u00a0Sk. No:10 G\u00fcneydo\u011fu \u0130\u015f Merkezi K:3 No:24 \u015eehitkamil\/ Gaziantep[\/vc_column_text][vc_column_text css=&#8221;.vc_custom_1576633336964{margin-top: 0px !important;margin-bottom: 0px !important;}&#8221;]<i class=\"fa fa-phone primary-color\"><\/i>\u00a0 0(507) 790 74 72[\/vc_column_text][vc_column_text css=&#8221;.vc_custom_1576633520232{margin-top: 0px !important;margin-bottom: 0px !important;}&#8221;]<i class=\"fa fa-envelope primary-color\"><\/i> <a href=\"mailto:cem@unitechmuhendislik.com\">cem@unitechmuhendislik.com<\/a>[\/vc_column_text][\/vc_column][\/vc_row][vc_row][vc_column]<h3 class=\"widget-title\" style=\"font-size: 18px;text-align: left;\">KONUMUMUZ<\/h3>[vc_gmaps link=&#8221;#E-8_JTNDaWZyYW1lJTIwc3JjJTNEJTIyaHR0cHMlM0ElMkYlMkZ3d3cuZ29vZ2xlLmNvbSUyRm1hcHMlMkZlbWJlZCUzRnBiJTNEJTIxMW0xOCUyMTFtMTIlMjExbTMlMjExZDUzOC42MjMzOTczMTIzMTM1JTIxMmQyOC45NDAwNjU3MjQ1NTY4NyUyMTNkNDAuMjEwOTc0NzI1MDA5NzU2JTIxMm0zJTIxMWYwJTIxMmYwJTIxM2YwJTIxM20yJTIxMWkxMDI0JTIxMmk3NjglMjE0ZjEzLjElMjEzbTMlMjExbTIlMjExczB4MTRjYTBmNGJkMWFiOTc4NyUyNTNBMHg0Yzk2ZDZkZmZjZmJiZTFjJTIxMnpSVzVtWVNCWllYckVzV3pFc1cwJTIxNWUwJTIxM20yJTIxMXN0ciUyMTJzdHIlMjE0djE2Mzg4OTAxMjAzMzElMjE1bTIlMjExc3RyJTIxMnN0ciUyMiUyMHdpZHRoJTNEJTIyNjAwJTIyJTIwaGVpZ2h0JTNEJTIyNDUwJTIyJTIwc3R5bGUlM0QlMjJib3JkZXIlM0EwJTNCJTIyJTIwYWxsb3dmdWxsc2NyZWVuJTNEJTIyJTIyJTIwbG9hZGluZyUzRCUyMmxhenklMjIlM0UlM0MlMkZpZnJhbWUlM0U=&#8221;][\/vc_column][\/vc_row]<\/p>\n","protected":false},"excerpt":{"rendered":"<p>[vc_row][vc_column][\/vc_column][\/vc_row][vc_row ses_title=&#8221;&#8221; align_title=&#8221;left&#8221; wrap_class=&#8221;&#8221; css=&#8221;.vc_custom_1576633890947{margin-top: -60px !important;}&#8221;][vc_column width=&#8221;2\/3&#8243; title=&#8221;&#8221;][vc_column_text][\/vc_column_text][\/vc_column][vc_column width=&#8221;1\/3&#8243; title=&#8221;&#8221;][vc_column_text el_class=&#8221;margin-top-0&#8243; css=&#8221;.vc_custom_1576633116981{margin-top: 0px !important;margin-bottom: 0px !important;}&#8221;]Bursa \u015eube:[\/vc_column_text][vc_column_text css=&#8221;.vc_custom_1638886715302{margin-top: 0px !important;margin-bottom: 0px !important;}&#8221;]\u00dc\u00e7evler Mh. \u0130zmir yolu Cd. No:241D K:12 \u0130\u00e7 Kap\u0131 No:293 Nil\u00fcfer\/Bursa[\/vc_column_text][vc_column_text css=&#8221;.vc_custom_1576633166213{margin-top: 0px !important;margin-bottom: 0px !important;}&#8221;]\u00a0 0(224) 236 7 236[\/vc_column_text][vc_column_text css=&#8221;.vc_custom_1576633171218{margin-top: 0px !important;margin-bottom: 0px !important;}&#8221;]\u00a0 0(224) 236 7 236[\/vc_column_text][vc_column_text css=&#8221;.vc_custom_1576633493807{margin-top: 0px !important;margin-bottom: 0px [&hellip;]<\/p>\n","protected":false},"author":4852,"featured_media":0,"parent":0,"menu_order":0,"comment_status":"open","ping_status":"closed","template":"page-templates\/template-fullwidth.php","meta":[],"_links":{"self":[{"href":"https:\/\/unitechmuhendislik.com\/index.php?rest_route=\/wp\/v2\/pages\/279"}],"collection":[{"href":"https:\/\/unitechmuhendislik.com\/index.php?rest_route=\/wp\/v2\/pages"}],"about":[{"href":"https:\/\/unitechmuhendislik.com\/index.php?rest_route=\/wp\/v2\/types\/page"}],"author":[{"embeddable":true,"href":"https:\/\/unitechmuhendislik.com\/index.php?rest_route=\/wp\/v2\/users\/4852"}],"replies":[{"embeddable":true,"href":"https:\/\/unitechmuhendislik.com\/index.php?rest_route=%2Fwp%2Fv2%2Fcomments&post=279"}],"version-history":[{"count":22,"href":"https:\/\/unitechmuhendislik.com\/index.php?rest_route=\/wp\/v2\/pages\/279\/revisions"}],"predecessor-version":[{"id":2068,"href":"https:\/\/unitechmuhendislik.com\/index.php?rest_route=\/wp\/v2\/pages\/279\/revisions\/2068"}],"wp:attachment":[{"href":"https:\/\/unitechmuhendislik.com\/index.php?rest_route=%2Fwp%2Fv2%2Fmedia&parent=279"}],"curies":[{"name":"wp","href":"https:\/\/api.w.org\/{rel}","templated":true}]}}