{"id":470,"date":"2015-06-01T09:15:42","date_gmt":"2015-06-01T09:15:42","guid":{"rendered":"http:\/\/demo.vegatheme.com\/biss\/?page_id=470"},"modified":"2020-01-23T17:28:11","modified_gmt":"2020-01-23T14:28:11","slug":"homepage","status":"publish","type":"page","link":"https:\/\/unitechmuhendislik.com\/","title":{"rendered":"Homepage"},"content":{"rendered":"<p>[vc_row fullwidth=&#8221;yes&#8221; align_title=&#8221;left&#8221; css=&#8221;.vc_custom_1433930421750{padding-top: 0px !important;padding-bottom: 0px !important;}&#8221; el_class=&#8221;padding-top-0&#8243;][vc_column title=&#8221;&#8221;][layerslider_vc id=&#8221;1&#8243; el_class=&#8221;fullwidth&#8221;][\/vc_column][\/vc_row][vc_row overlay=&#8221;no&#8221; ses_title=&#8221;&#8221; align_title=&#8221;left&#8221; wrap_class=&#8221;&#8221;][vc_column title=&#8221;&#8221;]\r\n\t<div class=\"action-block-1\">\r\n\t\t<div class=\"width-66 float-left\">\r\n\t\t<p class=\"h\" style=\"\">Unitech Proje Taahh\u00fct \u0130n\u015faat M\u00fchendislik Elektrik San. Tic. Ltd. \u015eti.<\/p>\r\n\t\t<p style=\"\">2017 y\u0131l\u0131nda mekanik proje, m\u00fc\u015favirlik ve taahh\u00fct alan\u0131nda hizmet verebilmek i\u00e7in Merkezi Bursa olarak kurulmu\u015ftur. <\/p>\t\t\r\n\t\t<\/div>\r\n\r\n\t\t<div class=\"width-33 float-rights\">\r\n\t\t\t<a href=\"https:\/\/unitechmuhendislik.com\/?page_id=709\" class=\"biss-btn biss-btn-primary width-50 float-left sm-width-100 md-width-100\">Devam\u0131<\/a>\r\n\t\t\t<a href=\"#\" class=\"biss-btn biss-btn-secondary width-50 float-rights sm-width-100 md-width-100\">Projelerimiz<\/a>\r\n\t\t<\/div>\r\n\t<\/div>\r\n\r\n\t[\/vc_column][\/vc_row][vc_row overlay=&#8221;dark&#8221; align_title=&#8221;left&#8221; css=&#8221;.vc_custom_1433926465236{background-image: url(https:\/\/unitechmuhendislik.com\/wp-content\/uploads\/2015\/05\/1.jpg?id=11) !important;background-position: center !important;background-repeat: no-repeat !important;background-size: cover !important;}&#8221;][vc_column width=&#8221;1\/3&#8243; title=&#8221;&#8221;]\r\n\t\t<article class=\"services-1\">\t\t\r\n\t\t<span class=\"icon\" style=\"color: #ffffff;\"><i class=\"fa fa-thermometer-empty \"><\/i><\/span>\t\t\r\n\t\t<div class=\"inner\">\r\n\t\t\t<p class=\"h\" style=\"color: #ffffff;\">So\u011futma Tesisatlar\u0131<\/p>\t\t\t<p style=\"color: #ffffff;\">SO\u011eUTMA \u2022 Bireysel So\u011futma Tesisat\u0131 \u2022 Merkezi So\u011futma Tesisat\u0131 \u2022 Proses So\u011futma Tesisat\u0131 \u2022 De\u011fi\u015fken&#8230;<\/p>\t\t\t<p class=\"b\"><a href=\"https:\/\/unitechmuhendislik.com\/?page_id=1763\" class=\"biss-btn biss-btn-border-primary\">DEVAMI<\/a><\/p>\t\t<\/div>\r\n\t\t<div class=\"color-bg\"><\/div>\r\n\t<\/article>\r\n\t\r\n\t[\/vc_column][vc_column width=&#8221;1\/3&#8243; title=&#8221;&#8221;]\r\n\t\t<article class=\"services-1\">\t\t\r\n\t\t<span class=\"icon\" style=\"color: #ffffff;\"><i class=\"fa fa-thermometer-full\"><\/i><\/span>\t\t\r\n\t\t<div class=\"inner\">\r\n\t\t\t<p class=\"h\" style=\"color: #ffffff;\">Is\u0131tma Tesisatlar\u0131<\/p>\t\t\t<p style=\"color: #ffffff;\">ISITMA \u2022 Bireysel Is\u0131tma Tesisat\u0131 \u2022 Merkezi Is\u0131tma Tesisat\u0131 \u2022 B\u00f6lgesel Is\u0131tma Tesisat\u0131 \u2022 Proses&#8230;<\/p>\t\t\t<p class=\"b\"><a href=\"https:\/\/unitechmuhendislik.com\/?page_id=1704\" class=\"biss-btn biss-btn-border-primary\">DEVAMI<\/a><\/p>\t\t<\/div>\r\n\t\t<div class=\"color-bg\"><\/div>\r\n\t<\/article>\r\n\t\r\n\t[\/vc_column][vc_column width=&#8221;1\/3&#8243; title=&#8221;&#8221;]\r\n\t\t<article class=\"services-1\">\t\t\r\n\t\t<span class=\"icon\" style=\"\"><i class=\"fa fa-podcast\"><\/i><\/span>\t\t\r\n\t\t<div class=\"inner\">\r\n\t\t\t<p class=\"h\" style=\"\">Havaland\u0131rma Tesisatlar\u0131<\/p>\t\t\t<p style=\"\">Galvaniz kanal uygulamalar\u0131, paslanmaz kanal uygulamalar\u0131, \u00f6n izolasyonlu al\u00fcminyum kanal uygulamalar\u0131, tekstil bazl\u0131 kanal uygulamalar\u0131.<\/p>\t\t\t<p class=\"b\"><a href=\"https:\/\/unitechmuhendislik.com\/?page_id=1774\" class=\"biss-btn biss-btn-border-primary\">DEVAMI<\/a><\/p>\t\t<\/div>\r\n\t\t<div class=\"color-bg\"><\/div>\r\n\t<\/article>\r\n\t\r\n\t[\/vc_column][\/vc_row][vc_row overlay=&#8221;dark&#8221; align_title=&#8221;left&#8221; css=&#8221;.vc_custom_1577278845956{margin-top: -100px !important;background-image: url(https:\/\/unitechmuhendislik.com\/wp-content\/uploads\/2015\/05\/1.jpg?id=11) !important;background-position: center !important;background-repeat: no-repeat !important;background-size: cover !important;}&#8221;][vc_column width=&#8221;1\/3&#8243; title=&#8221;&#8221;]\r\n\t\t<article class=\"services-1\">\t\t\r\n\t\t<span class=\"icon\" style=\"color: #ffffff;\"><i class=\"fa fa-free-code-camp\"><\/i><\/span>\t\t\r\n\t\t<div class=\"inner\">\r\n\t\t\t<p class=\"h\" style=\"color: #ffffff;\">Yang\u0131n Tesisatlar\u0131<\/p>\t\t\t<p style=\"color: #ffffff;\">Yang\u0131n Dolaplar\u0131 Sistemi, Hidrant Sistemleri, Sprinkler Sistemleri, K\u00f6p\u00fckl\u00fc S\u00f6nd\u00fcrme Sistemleri<\/p>\t\t\t<p class=\"b\"><a href=\"https:\/\/unitechmuhendislik.com\/?page_id=1749\" class=\"biss-btn biss-btn-border-primary\">DEVAMI<\/a><\/p>\t\t<\/div>\r\n\t\t<div class=\"color-bg\"><\/div>\r\n\t<\/article>\r\n\t\r\n\t[\/vc_column][vc_column width=&#8221;1\/3&#8243; title=&#8221;&#8221;]\r\n\t\t<article class=\"services-1\">\t\t\r\n\t\t<span class=\"icon\" style=\"color: #ffffff;\"><i class=\"fa fa-shower\"><\/i><\/span>\t\t\r\n\t\t<div class=\"inner\">\r\n\t\t\t<p class=\"h\" style=\"color: #ffffff;\">S\u0131hhi Tesisat<\/p>\t\t\t<p style=\"color: #ffffff;\">Bina Temiz Su, Pis Su ve Ya\u011fmurlama Tesisatlar\u0131 : Su Yumu\u015fatma ve Filtrasyon Sistemleri<\/p>\t\t\t<p class=\"b\"><a href=\"https:\/\/unitechmuhendislik.com\/?page_id=1771\" class=\"biss-btn biss-btn-border-primary\">DEVAMI<\/a><\/p>\t\t<\/div>\r\n\t\t<div class=\"color-bg\"><\/div>\r\n\t<\/article>\r\n\t\r\n\t[\/vc_column][vc_column width=&#8221;1\/3&#8243; title=&#8221;&#8221;]\r\n\t\t<article class=\"services-1\">\t\t\r\n\t\t<span class=\"icon\" style=\"\"><i class=\"fa fa-tint \"><\/i><\/span>\t\t\r\n\t\t<div class=\"inner\">\r\n\t\t\t<p class=\"h\" style=\"\">Do\u011falgaz Tesisatlar\u0131<\/p>\t\t\t<p style=\"\">Daire kap\u0131lar\u0131nda b\u0131rak\u0131lm\u0131\u015f olan vanalardan itibaren ocak ve yak\u0131c\u0131 cihazlar i\u00e7in yap\u0131lan tesisatlar\u0131n ge\u00e7i\u015f g\u00fczergahlar\u0131 belirlenip&#8230;<\/p>\t\t\t<p class=\"b\"><a href=\"https:\/\/unitechmuhendislik.com\/?page_id=1744\" class=\"biss-btn biss-btn-border-primary\">DEVAMI<\/a><\/p>\t\t<\/div>\r\n\t\t<div class=\"color-bg\"><\/div>\r\n\t<\/article>\r\n\t\r\n\t[\/vc_column][\/vc_row][vc_row align_title=&#8221;left&#8221; css=&#8221;.vc_custom_1577279014166{margin-top: -60px !important;margin-bottom: -30px !important;background-color: #ecedf1 !important;}&#8221;][vc_column width=&#8221;1\/2&#8243; title=&#8221;&#8221;]<p class=\"section-subtitle\" style=\"text-align: left;\">D\u0130\u011eER<\/p><h2 class=\"section-title\" style=\"text-align: left;\">H\u0130ZMETLER\u0130M\u0130Z<\/h2>[vc_column_text css=&#8221;.vc_custom_1577278507625{margin-bottom: 1.5rem !important;}&#8221;]<\/p>\n<ul class=\"style-1\">\n<li style=\"list-style-type: none;\">\n<ul class=\"style-1\">\n<li><i class=\"fa fa-arrow-circle-right primary-color\"><\/i> Klima Tesisatlar\u0131<\/li>\n<li><i class=\"fa fa-arrow-circle-right primary-color\"><\/i> Peyzaj ve Bah\u00e7e Sulama Sistemleri<\/li>\n<li><i class=\"fa fa-arrow-circle-right primary-color\"><\/i> End\u00fcstriyel Tesis Uygulamalar\u0131<\/li>\n<li><i class=\"fa fa-arrow-circle-right primary-color\"><\/i> \u0130zolasyon<\/li>\n<li><i class=\"fa fa-arrow-circle-right primary-color\"><\/i> Periyodik Kontroller<\/li>\n<\/ul>\n<\/li>\n<\/ul>\n<p>[\/vc_column_text][\/vc_column][vc_column width=&#8221;1\/2&#8243; title=&#8221;&#8221;][vc_single_image image=&#8221;1963&#8243; img_size=&#8221;full&#8221; css=&#8221;.vc_custom_1577278782612{margin-top: 0px !important;margin-bottom: 0px !important;padding-top: 0px !important;padding-bottom: 0px !important;}&#8221;][\/vc_column][\/vc_row][vc_row overlay=&#8221;dark&#8221; align_title=&#8221;center&#8221; css=&#8221;.vc_custom_1543842564956{margin-top: -50px !important;margin-bottom: -10px !important;border-bottom-width: -10px !important;background-image: url(https:\/\/unitechmuhendislik.com\/wp-content\/uploads\/2018\/12\/slider-img-1-1.jpg?id=1522) !important;background-position: center !important;background-repeat: no-repeat !important;background-size: cover !important;}&#8221;][vc_column title=&#8221;&#8221;]<p class=\"section-subtitle\" style=\"text-align: center;\">SAYILARLA<\/p><h2 class=\"section-title\" style=\"text-align: center;color: #ffffff;\">B\u0130Z<\/h2>[\/vc_column][vc_column width=&#8221;1\/4&#8243; title=&#8221;&#8221;]\r\n\t\t<div class=\"stats-item white\">\r\n\r\n\t\t\t<span class=\"value\">21<\/span>\r\n\r\n\t\t\t<span class=\"description\">Is\u0131 Tesisat\u0131<\/span>\r\n\r\n\t\t<\/div>\r\n\t\r\n\t\r\n\t[\/vc_column][vc_column width=&#8221;1\/4&#8243; title=&#8221;&#8221;]\r\n\t\t<div class=\"stats-item white\">\r\n\r\n\t\t\t<span class=\"value\">8<\/span>\r\n\r\n\t\t\t<span class=\"description\">Havaland\u0131rma Tesisat\u0131<\/span>\r\n\r\n\t\t<\/div>\r\n\t\r\n\t\r\n\t[\/vc_column][vc_column width=&#8221;1\/4&#8243; title=&#8221;&#8221;]\r\n\t\t<div class=\"stats-item white\">\r\n\r\n\t\t\t<span class=\"value\">47<\/span>\r\n\r\n\t\t\t<span class=\"description\">S\u0131hhi Tesisat<\/span>\r\n\r\n\t\t<\/div>\r\n\t\r\n\t\r\n\t[\/vc_column][vc_column width=&#8221;1\/4&#8243; title=&#8221;&#8221;]\r\n\t\t<div class=\"stats-item white\">\r\n\r\n\t\t\t<span class=\"value\">100%<\/span>\r\n\r\n\t\t\t<span class=\"description\">M\u00fc\u015fteri Memnuniyeti<\/span>\r\n\r\n\t\t<\/div>\r\n\t\r\n\t\r\n\t[\/vc_column][\/vc_row][vc_row ses_title=&#8221;&#8221; align_title=&#8221;left&#8221; wrap_class=&#8221;&#8221;][vc_column width=&#8221;1\/2&#8243; title=&#8221;&#8221;]<p class=\"section-subtitle\" style=\"text-align: left;\">BAZI<\/p><h2 class=\"section-title\" style=\"text-align: left;\">REFERANSLARIMIZ<\/h2>\r\n\t\t\t<div class=\"logo-group sm-margin-bottom-70 md-margin-bottom-70\" id=\"logo-group\">\r\n\t\t\t\t\t\t<div class=\"logo-group-item\">\r\n\t\t\t\t<span class=\"helper\"><\/span>\r\n\t\t\t\t\r\n\t\t\t\t<img src=\"https:\/\/unitechmuhendislik.com\/wp-content\/uploads\/2019\/12\/8.png\" alt=\"\">\r\n\t\t\t\t\r\n\t\t\t<\/div>\r\n\t\t\t\t\t\t<div class=\"logo-group-item\">\r\n\t\t\t\t<span class=\"helper\"><\/span>\r\n\t\t\t\t\r\n\t\t\t\t<img src=\"https:\/\/unitechmuhendislik.com\/wp-content\/uploads\/2019\/12\/4.png\" alt=\"\">\r\n\t\t\t\t\r\n\t\t\t<\/div>\r\n\t\t\t\t\t\t<div class=\"logo-group-item\">\r\n\t\t\t\t<span class=\"helper\"><\/span>\r\n\t\t\t\t\r\n\t\t\t\t<img src=\"https:\/\/unitechmuhendislik.com\/wp-content\/uploads\/2019\/12\/10.png\" alt=\"\">\r\n\t\t\t\t\r\n\t\t\t<\/div>\r\n\t\t\t\t\t\t<div class=\"logo-group-item\">\r\n\t\t\t\t<span class=\"helper\"><\/span>\r\n\t\t\t\t\r\n\t\t\t\t<img src=\"https:\/\/unitechmuhendislik.com\/wp-content\/uploads\/2019\/12\/6.png\" alt=\"\">\r\n\t\t\t\t\r\n\t\t\t<\/div>\r\n\t\t\t\t\t\t<div class=\"logo-group-item\">\r\n\t\t\t\t<span class=\"helper\"><\/span>\r\n\t\t\t\t\r\n\t\t\t\t<img src=\"https:\/\/unitechmuhendislik.com\/wp-content\/uploads\/2019\/12\/3.png\" alt=\"\">\r\n\t\t\t\t\r\n\t\t\t<\/div>\r\n\t\t\t\t\t\t<div class=\"logo-group-item\">\r\n\t\t\t\t<span class=\"helper\"><\/span>\r\n\t\t\t\t\r\n\t\t\t\t<img src=\"https:\/\/unitechmuhendislik.com\/wp-content\/uploads\/2019\/12\/5.png\" alt=\"\">\r\n\t\t\t\t\r\n\t\t\t<\/div>\r\n\t\t\t\t\t<\/div>\r\n\t\t<script>\r\n\t\t\t(function($) {\r\n\t\t\t\t\"use strict\";\r\n\r\n\t\t\t\t\/\/\r\n\t\t\t\t\/\/ Preload images\r\n\t\t\t\t\/\/\r\n\r\n\t\t\t\t$('document').ready(function() {\r\n\r\n\t\t\t\t\tvar $container = $('body'),\r\n\t\t\t\t\t\ttweetsTimer;\r\n\r\n\t\t\t\t\t$container.imagesLoaded( function() {\r\n\r\n\t\t\t\t\t\t\r\n\t\t\t\t\t\t$('#logo-group').rivaLogoGroup({\r\n\t\t\t\t\t\t\tselector:'logo-group-item',\r\n\t\t\t\t\t\t\tpadding:40,\r\n\t\t\t\t\t\t\trow:3\t\t\t\t\t\t});\r\n\r\n\t\t\t\t\t\t\r\n\t\t\t\t\t});\r\n\r\n\t\t\t\t\tclearTimeout(tweetsTimer);\r\n\r\n\t\t\t\t});\r\n\r\n\t\t\t})(jQuery);\r\n\t\t<\/script>\r\n\t\r\n[\/vc_column][vc_column width=&#8221;1\/2&#8243; title=&#8221;&#8221;]<p class=\"section-subtitle\" style=\"text-align: left;\">M\u00dc\u015eTER\u0130LER\u0130M\u0130Z\u0130N<\/p><h2 class=\"section-title\" style=\"text-align: left;\">YORUMLARI<\/h2>\r\n\t\t<div class=\"plugin-wrapper\" id=\"testimonials\">\r\n\r\n        \t\t<article class=\"testimonials-1-item\">\r\n\r\n\t\t\t<div class=\"content\">\r\n\r\n\t\t\t\t<i class=\"fa fa-quote-left q\"><\/i><p>Genelde m\u00fchendislik hizmetleri s\u00f6z konusu oldu\u011funda tecr\u00fcbe \u00f6n plana \u00e7\u0131kmaktad\u0131r ama bu gen\u00e7 arkada\u015flar mesleklerindeki teknolojik geli\u015fmeleri yak\u0131ndan takip etmeleri ve enerjileri ile aradaki fark\u0131 fazlas\u0131yla telafi ediyorlar. Ba\u015far\u0131lar\u0131n\u0131n devam\u0131n\u0131 dilerim.<\/p>\n\r\n\t\t\t<\/div>\r\n\r\n\t\t\t<div class=\"author\">\r\n\t\t\t\t<figure>\r\n\t\t\t\t\t<img src=\"https:\/\/unitechmuhendislik.com\/wp-content\/uploads\/2015\/05\/878_n.jpg\" alt=\"\">\t\t\t\t\r\n\t\t\t\t<\/figure>\r\n\t\t\t\t<p class=\"name\">Halil \u0130brahim \u00d6Z\u015eEN<\/p>\r\n\t\t\t\t<p class=\"position\">\u0130\u015f G\u00fcvenli\u011fi Uzman\u0131, Elektrik \u00d6\u011fretmeni<\/p>\r\n\t\t\t<\/div>\t\t\t\r\n\r\n\t\t<\/article>\r\n\t\t\t\t<article class=\"testimonials-1-item\">\r\n\r\n\t\t\t<div class=\"content\">\r\n\r\n\t\t\t\t<i class=\"fa fa-quote-left q\"><\/i><p>&#8220;Alan\u0131nda uzman \u00e7al\u0131\u015fanlar\u0131 ve kadrosu ile birlikte sa\u011flad\u0131klar\u0131 m\u00fchendislik hizmetleri bizleri son derece memnun b\u0131rakm\u0131\u015ft\u0131r. Firmam\u0131za olan katk\u0131lar\u0131ndan dolay\u0131 bir kez daha arkada\u015flara te\u015fekk\u00fcr ederiz.&#8221;<\/p>\n\r\n\t\t\t<\/div>\r\n\r\n\t\t\t<div class=\"author\">\r\n\t\t\t\t<figure>\r\n\t\t\t\t\t<img src=\"https:\/\/unitechmuhendislik.com\/wp-content\/uploads\/2015\/05\/8164_fb0b64bc.jpg\" alt=\"\">\t\t\t\t\r\n\t\t\t\t<\/figure>\r\n\t\t\t\t<p class=\"name\">Hasim Azimlio\u011flu<\/p>\r\n\t\t\t\t<p class=\"position\">Redix Sens\u00f6r, \u0130dari \u0130\u015fler M\u00fcd\u00fcr Yrd. <\/p>\r\n\t\t\t<\/div>\t\t\t\r\n\r\n\t\t<\/article>\r\n\t\t\t\t<article class=\"testimonials-1-item\">\r\n\r\n\t\t\t<div class=\"content\">\r\n\r\n\t\t\t\t<i class=\"fa fa-quote-left q\"><\/i><p>Mimari projelerimize sa\u011flad\u0131klar\u0131 tesisat \u00e7\u00f6z\u00fcmlerinden gayet memnun kald\u0131k. Tavsiye ederiz.<\/p>\n\r\n\t\t\t<\/div>\r\n\r\n\t\t\t<div class=\"author\">\r\n\t\t\t\t<figure>\r\n\t\t\t\t\t<img src=\"https:\/\/unitechmuhendislik.com\/wp-content\/uploads\/2015\/05\/3152216_n.jpg\" alt=\"\">\t\t\t\t\r\n\t\t\t\t<\/figure>\r\n\t\t\t\t<p class=\"name\">Sevgi Sar\u0131<\/p>\r\n\t\t\t\t<p class=\"position\">\u0130\u00e7 Mimar, 4M Tasar\u0131m<\/p>\r\n\t\t\t<\/div>\t\t\t\r\n\r\n\t\t<\/article>\r\n\t\t<!-- end of the loop -->\r\n\r\n\t\t<!-- put pagination functions here -->\r\n\t\t\r\n\t\t\t\t<div class=\"riva-insert-menu-here\"><\/div>\r\n\t<\/div>\r\n\r\n\t<script>\r\n\t(function($) {\r\n\t\t\"use strict\";\r\n\r\n\t\t\/\/\r\n\t\t\/\/ Preload images\r\n\t\t\/\/\r\n\r\n\t\t$('document').ready(function() {\r\n\r\n\t\t\tvar $container = $('body'),\r\n\t\t\t\ttweetsTimer;\r\n\r\n\t\t\t$container.imagesLoaded( function() {\r\n\r\n\t\t\t\t\r\n\t\t\t\t$('#testimonials').rivaCarousel({\r\n\t\t\t\t\tstyle:'horizontal',\r\n\t\t\t\t\tnavigation:'buttons',\r\n\t\t\t\t\tnavigation_class:'width-auto float-left nav-st-3',\r\n\t\t\t\t\tbutton_left_text:'<i class=\"fa fa-chevron-left\"><\/i>',\r\n\t\t\t\t\tbutton_right_text:'<i class=\"fa fa-chevron-right\"><\/i>',\r\n\t\t\t\t\tvisible:2,\r\n\t\t\t\t\tselector:'testimonials-1-item',\r\n\t\t\t\t\tgutter:20,\r\n\t\t\t\t\tinfinite:0,\r\n\t\t\t\t\tinterval:2000,\r\n\t\t\t\t\tautostart:0,\r\n\t\t\t\t\tspeed:600,\r\n\t\t\t\t\tease: 'jswing'\r\n\t\t\t\t});\r\n\r\n\t\t\t\t\r\n\r\n\t\t\t});\r\n\r\n\t\t\tclearTimeout(tweetsTimer);\r\n\r\n\t\t});\r\n\r\n\t})(jQuery);\r\n\t<\/script>\r\n\r\n\t\t[\/vc_column][vc_column title=&#8221;&#8221;]\r\n\t\r\n\t<div class=\"company-events margin-top-70\" id=\"company-events\">\r\n\t\t<span class=\"label\">B\u0130ZDEN HABERLER<\/span>\r\n        \t\t<article class=\"item\">\r\n\r\n\t\t\t<a href=\"https:\/\/unitechmuhendislik.com\/?events=menkul-kiymetlerin-guven-ve-istikrar-icinde-islemesi-amaciyla-kurulan-borsa-istanbul-firmasini-musterileri-portfoyumuze-kattik\">Marmarabirlik Zeytin Tar\u0131m-Sat\u0131\u015f Kooperatifleri Birli\u011fi&#8217;ni m\u00fc\u015fterileri portf\u00f6y\u00fcm\u00fcze katt\u0131k.<\/a>\r\n\t\t\t<span>( 17 Aral\u0131k 2019 )<\/span>\r\n\r\n\t\t<\/article>\r\n\t\t<!-- end of the loop -->\r\n\r\n\t\t<!-- put pagination functions here -->\r\n\t\t\r\n\t\t\t\t<div class=\"nav\">\r\n\t\t\t<div class=\"riva-insert-menu-here\"><\/div>\r\n\t\t<\/div>\r\n\t<\/div>\r\n\r\n\t<script>\r\n\t\t(function($) {\r\n\t\t\t\"use strict\";\r\n\r\n\t\t\t\/\/\r\n\t\t\t\/\/ Preload images\r\n\t\t\t\/\/\r\n\r\n\t\t\t$('document').ready(function() {\r\n\r\n\t\t\t\tvar $container = $('body'),\r\n\t\t\t\t\ttweetsTimer;\r\n\r\n\t\t\t\t$container.imagesLoaded( function() {\r\n\r\n\t\t\t\t\t\r\n\t\t\t\t\t$('#company-events').rivaCarousel({\r\n\t\t\t\t\t\tstyle:'horizontal',\r\n\t\t\t\t\t\tnavigation:'buttons',\r\n\t\t\t\t\t\tnavigation_class:'width-auto float-left nav-st-2',\r\n\t\t\t\t\t\tbutton_left_text:'<i class=\"fa fa-chevron-left\"><\/i>',\r\n\t\t\t\t\t\tbutton_right_text:'<i class=\"fa fa-chevron-right\"><\/i>',\r\n\t\t\t\t\t\tvisible:1,\r\n\t\t\t\t\t\tselector:'item',\r\n\t\t\t\t\t\tgutter:20,\r\n\t\t\t\t\t\tinfinite:0,\r\n\t\t\t\t\t\tinterval:2000,\r\n\t\t\t\t\t\tautostart:0,\r\n\t\t\t\t\t\tspeed:600,\r\n\t\t\t\t\t\tease: 'easeInQuad'\r\n\t\t\t\t\t});\r\n\r\n\t\t\t\t\t\r\n\r\n\t\t\t\t});\r\n\r\n\t\t\t\tclearTimeout(tweetsTimer);\r\n\r\n\t\t\t});\r\n\r\n\t\t})(jQuery);\r\n\t<\/script>\r\n\r\n\t[\/vc_column][\/vc_row]<\/p>\n","protected":false},"excerpt":{"rendered":"<p>[vc_row fullwidth=&#8221;yes&#8221; align_title=&#8221;left&#8221; css=&#8221;.vc_custom_1433930421750{padding-top: 0px !important;padding-bottom: 0px !important;}&#8221; el_class=&#8221;padding-top-0&#8243;][vc_column title=&#8221;&#8221;][layerslider_vc id=&#8221;1&#8243; el_class=&#8221;fullwidth&#8221;][\/vc_column][\/vc_row][vc_row overlay=&#8221;no&#8221; ses_title=&#8221;&#8221; align_title=&#8221;left&#8221; wrap_class=&#8221;&#8221;][vc_column title=&#8221;&#8221;][\/vc_column][\/vc_row][vc_row overlay=&#8221;dark&#8221; align_title=&#8221;left&#8221; css=&#8221;.vc_custom_1433926465236{background-image: url(https:\/\/unitechmuhendislik.com\/wp-content\/uploads\/2015\/05\/1.jpg?id=11) !important;background-position: center !important;background-repeat: no-repeat !important;background-size: cover !important;}&#8221;][vc_column width=&#8221;1\/3&#8243; title=&#8221;&#8221;][\/vc_column][vc_column width=&#8221;1\/3&#8243; title=&#8221;&#8221;][\/vc_column][vc_column width=&#8221;1\/3&#8243; title=&#8221;&#8221;][\/vc_column][\/vc_row][vc_row overlay=&#8221;dark&#8221; align_title=&#8221;left&#8221; css=&#8221;.vc_custom_1577278845956{margin-top: -100px !important;background-image: url(https:\/\/unitechmuhendislik.com\/wp-content\/uploads\/2015\/05\/1.jpg?id=11) !important;background-position: center !important;background-repeat: no-repeat !important;background-size: cover !important;}&#8221;][vc_column width=&#8221;1\/3&#8243; title=&#8221;&#8221;][\/vc_column][vc_column width=&#8221;1\/3&#8243; title=&#8221;&#8221;][\/vc_column][vc_column width=&#8221;1\/3&#8243; title=&#8221;&#8221;][\/vc_column][\/vc_row][vc_row align_title=&#8221;left&#8221; css=&#8221;.vc_custom_1577279014166{margin-top: [&hellip;]<\/p>\n","protected":false},"author":4852,"featured_media":0,"parent":0,"menu_order":0,"comment_status":"open","ping_status":"open","template":"page-templates\/template-canvas.php","meta":[],"_links":{"self":[{"href":"https:\/\/unitechmuhendislik.com\/index.php?rest_route=\/wp\/v2\/pages\/470"}],"collection":[{"href":"https:\/\/unitechmuhendislik.com\/index.php?rest_route=\/wp\/v2\/pages"}],"about":[{"href":"https:\/\/unitechmuhendislik.com\/index.php?rest_route=\/wp\/v2\/types\/page"}],"author":[{"embeddable":true,"href":"https:\/\/unitechmuhendislik.com\/index.php?rest_route=\/wp\/v2\/users\/4852"}],"replies":[{"embeddable":true,"href":"https:\/\/unitechmuhendislik.com\/index.php?rest_route=%2Fwp%2Fv2%2Fcomments&post=470"}],"version-history":[{"count":84,"href":"https:\/\/unitechmuhendislik.com\/index.php?rest_route=\/wp\/v2\/pages\/470\/revisions"}],"predecessor-version":[{"id":1971,"href":"https:\/\/unitechmuhendislik.com\/index.php?rest_route=\/wp\/v2\/pages\/470\/revisions\/1971"}],"wp:attachment":[{"href":"https:\/\/unitechmuhendislik.com\/index.php?rest_route=%2Fwp%2Fv2%2Fmedia&parent=470"}],"curies":[{"name":"wp","href":"https:\/\/api.w.org\/{rel}","templated":true}]}}