{"id":709,"date":"2015-06-03T03:07:05","date_gmt":"2015-06-03T00:07:05","guid":{"rendered":"http:\/\/demo.vegatheme.com\/biss\/?page_id=709"},"modified":"2021-11-22T16:39:06","modified_gmt":"2021-11-22T13:39:06","slug":"hakkimizda","status":"publish","type":"page","link":"https:\/\/unitechmuhendislik.com\/?page_id=709","title":{"rendered":"Hakk\u0131m\u0131zda"},"content":{"rendered":"<p>[vc_row align_title=&#8221;left&#8221; el_class=&#8221;border-bottom-1&#8243;][vc_column title=&#8221;&#8221;][\/vc_column][vc_column width=&#8221;1\/4&#8243; title=&#8221;&#8221;][vc_single_image image=&#8221;1982&#8243; img_size=&#8221;full&#8221;][\/vc_column][vc_column width=&#8221;3\/4&#8243; title=&#8221;&#8221;]<p class=\"margin-top-0 font-bold\" style=\"text-align: left;\">Unitech Proje Taahh\u00fct \u0130n\u015faat M\u00fchendislik Elektrik San. Tic. Ltd. \u015eti. 2017 y\u0131l\u0131nda mekanik proje, m\u00fc\u015favirlik ve taahh\u00fct alan\u0131nda hizmet verebilmek i\u00e7in Merkezi Bursa olarak kurulmu\u015ftur. K\u0131sa zamanda b\u00fcy\u00fcyen firmam\u0131z 2019 y\u0131l\u0131nda Gaziantep \u015fubesini a\u00e7arak b\u00f6lge halk\u0131na hizmet vermeye ba\u015flam\u0131\u015ft\u0131r.<br \/>\nFirmam\u0131z, En son teknoloji \u00fcr\u00fcnlerini kullanarak; K\u0131sa zamanda do\u011fru ve ekonomik \u00e7\u00f6z\u00fcmler sunmas\u0131ndan dolay\u0131 m\u00fc\u015fterilerilerimiz taraf\u0131nda tercih sebebi olmu\u015ftur.<\/p>[vc_column_text css=&#8221;.vc_custom_1576630896964{margin-bottom: 1.5rem !important;}&#8221;]<\/p>\n<ul class=\"style-1\">\n<li><i class=\"fa fa-arrow-circle-right primary-color\"><\/i> Is\u0131tma Tesisatlar\u0131<\/li>\n<li><i class=\"fa fa-arrow-circle-right primary-color\"><\/i> So\u011futma Tesisatlar\u0131<\/li>\n<li><i class=\"fa fa-arrow-circle-right primary-color\"><\/i> Yang\u0131n Tesisatlar\u0131<\/li>\n<li><i class=\"fa fa-arrow-circle-right primary-color\"><\/i> Havaland\u0131rma Tesisatlar\u0131<\/li>\n<li><i class=\"fa fa-arrow-circle-right primary-color\"><\/i> Klima Tesisatlar\u0131<\/li>\n<li><i class=\"fa fa-arrow-circle-right primary-color\"><\/i> S\u0131hhi Tesisat<\/li>\n<li><i class=\"fa fa-arrow-circle-right primary-color\"><\/i> Peyzaj ve Bah\u00e7e Sulama Sistemleri<\/li>\n<li><i class=\"fa fa-arrow-circle-right primary-color\"><\/i> Do\u011falgaz Tesisatlar\u0131<\/li>\n<li><i class=\"fa fa-arrow-circle-right primary-color\"><\/i> End\u00fcstriyel Tesis Uygulamalar\u0131<\/li>\n<\/ul>\n<p>[\/vc_column_text][vc_column_text]Alanlarda nitelikli ve <strong>Entegre Hizmet Anlay\u0131\u015f\u0131<\/strong> ile \u00e7\u00f6z\u00fcmler \u00fcretmekteyiz.[\/vc_column_text][vc_empty_space height=&#8221;12px&#8221;]<h4 class=\"\" style=\"text-align: left;\">Projelerimizin detaylar\u0131 i\u00e7in katalo\u011fumuzu inceleyebilirsiniz.<\/h4>[vc_empty_space height=&#8221;16px&#8221;]\r\n\t\t\t\t<a href=\"https:\/\/unitechmuhendislik.com\/unitech-katalog\/\" class=\"biss-btn biss-btn-border-primary\">ONLINE KATALOG<\/a>\r\n\t\t\r\n\t[\/vc_column][\/vc_row]<\/p>\n","protected":false},"excerpt":{"rendered":"<p>[vc_row align_title=&#8221;left&#8221; el_class=&#8221;border-bottom-1&#8243;][vc_column title=&#8221;&#8221;][\/vc_column][vc_column width=&#8221;1\/4&#8243; title=&#8221;&#8221;][vc_single_image image=&#8221;1982&#8243; img_size=&#8221;full&#8221;][\/vc_column][vc_column width=&#8221;3\/4&#8243; title=&#8221;&#8221;][vc_column_text css=&#8221;.vc_custom_1576630896964{margin-bottom: 1.5rem !important;}&#8221;] Is\u0131tma Tesisatlar\u0131 So\u011futma Tesisatlar\u0131 Yang\u0131n Tesisatlar\u0131 Havaland\u0131rma Tesisatlar\u0131 Klima Tesisatlar\u0131 S\u0131hhi Tesisat Peyzaj ve Bah\u00e7e Sulama Sistemleri Do\u011falgaz Tesisatlar\u0131 End\u00fcstriyel Tesis Uygulamalar\u0131 [\/vc_column_text][vc_column_text]Alanlarda nitelikli ve Entegre Hizmet Anlay\u0131\u015f\u0131 ile \u00e7\u00f6z\u00fcmler \u00fcretmekteyiz.[\/vc_column_text][vc_empty_space height=&#8221;12px&#8221;][vc_empty_space height=&#8221;16px&#8221;][\/vc_column][\/vc_row]<\/p>\n","protected":false},"author":4852,"featured_media":0,"parent":0,"menu_order":0,"comment_status":"open","ping_status":"closed","template":"page-templates\/template-fullwidth.php","meta":[],"_links":{"self":[{"href":"https:\/\/unitechmuhendislik.com\/index.php?rest_route=\/wp\/v2\/pages\/709"}],"collection":[{"href":"https:\/\/unitechmuhendislik.com\/index.php?rest_route=\/wp\/v2\/pages"}],"about":[{"href":"https:\/\/unitechmuhendislik.com\/index.php?rest_route=\/wp\/v2\/types\/page"}],"author":[{"embeddable":true,"href":"https:\/\/unitechmuhendislik.com\/index.php?rest_route=\/wp\/v2\/users\/4852"}],"replies":[{"embeddable":true,"href":"https:\/\/unitechmuhendislik.com\/index.php?rest_route=%2Fwp%2Fv2%2Fcomments&post=709"}],"version-history":[{"count":54,"href":"https:\/\/unitechmuhendislik.com\/index.php?rest_route=\/wp\/v2\/pages\/709\/revisions"}],"predecessor-version":[{"id":2056,"href":"https:\/\/unitechmuhendislik.com\/index.php?rest_route=\/wp\/v2\/pages\/709\/revisions\/2056"}],"wp:attachment":[{"href":"https:\/\/unitechmuhendislik.com\/index.php?rest_route=%2Fwp%2Fv2%2Fmedia&parent=709"}],"curies":[{"name":"wp","href":"https:\/\/api.w.org\/{rel}","templated":true}]}}